{"id":564,"date":"2020-08-10T09:06:27","date_gmt":"2020-08-10T16:06:27","guid":{"rendered":"https:\/\/zakrademos.com\/travel\/?page_id=561"},"modified":"2023-01-25T13:54:34","modified_gmt":"2023-01-25T21:54:34","slug":"self-assessment-tools","status":"publish","type":"page","link":"https:\/\/sfs-tools.ca\/fr\/self-assessment-tools\/","title":{"rendered":"Outils d\u2019auto\u00e9valuation"},"content":{"rendered":"<div data-elementor-type=\"wp-page\" data-elementor-id=\"564\" class=\"elementor elementor-564\">\n\t\t\t\t\t\t<section class=\"elementor-section elementor-top-section elementor-element elementor-element-e1c68b2 elementor-section-boxed elementor-section-height-default elementor-section-height-default\" data-id=\"e1c68b2\" data-element_type=\"section\">\n\t\t\t\t\t\t<div class=\"elementor-container elementor-column-gap-default\">\n\t\t\t\t\t<div class=\"elementor-column elementor-col-100 elementor-top-column elementor-element elementor-element-5ea89ee\" data-id=\"5ea89ee\" data-element_type=\"column\">\n\t\t\t<div class=\"elementor-widget-wrap elementor-element-populated\">\n\t\t\t\t\t\t<div class=\"elementor-element elementor-element-462a9f6 elementor-widget elementor-widget-text-editor\" data-id=\"462a9f6\" data-element_type=\"widget\" data-widget_type=\"text-editor.default\">\n\t\t\t\t<div class=\"elementor-widget-container\">\n\t\t\t\t\t\t\t\t\t<p><span style=\"font-style: inherit; font-weight: inherit; letter-spacing: 0.42px;\">Que vous soyez un praticien du programme Comp\u00e9tences pour r\u00e9ussir novice ou d\u2019exp\u00e9rience, les outils d\u2019auto\u00e9valuation vous aideront \u00e0 r\u00e9fl\u00e9chir \u00e0 votre pratique et \u00e0 identifier vos points forts ainsi que les points que vous devriez chercher \u00e0 am\u00e9liorer.<\/span><\/p><p><b>Il ne s\u2019agit pas d\u2019un test!<\/b><\/p><p>L\u2019objectif de cette \u00e9valuation est d\u2019encourager l\u2019autor\u00e9flexion; l\u2019exercice ne comporte aucune indication de r\u00e9ussite ou d\u2019\u00e9chec et aucune note finale n\u2019est attribu\u00e9e. Vos r\u00e9ponses aux questionnaires, lesquels vous prendront une quinzaine de minutes \u00e0 remplir, permettront de dresser un bilan de vos comp\u00e9tences dans chacun des domaines du\u00a0<a href=\"https:\/\/sfs-tools.ca\/fr\/competency-framework\/\" target=\"_blank\" rel=\"noopener\">Cadre de comp\u00e9tences<\/a>. Vous pourriez m\u00eame trouver l\u2019exercice amusant!<\/p><p><b>Recevez un rapport interactif personnalis\u00e9<\/b><\/p><p>Une fois que vous aurez soumis votre questionnaire, vous recevrez un rapport personnalis\u00e9, lequel comprendra des liens pointant vers d\u2019autres renseignements s\u2019appuyant sur des connaissances pertinentes et vers d\u2019autres ressources disponibles \u00e0 m\u00eame le cadre de comp\u00e9tences. Vous pourrez sauvegarder et imprimer votre rapport afin de suivre vos progr\u00e8s.<\/p><p>Choisissez le domaine pour lequel vous souhaitez r\u00e9pondre au questionnaire d\u2019auto\u00e9valuation.<\/p>\t\t\t\t\t\t\t\t<\/div>\n\t\t\t\t<\/div>\n\t\t\t\t\t<\/div>\n\t\t<\/div>\n\t\t\t\t\t<\/div>\n\t\t<\/section>\n\t\t\t\t<section class=\"elementor-section elementor-top-section elementor-element elementor-element-43ce9d5 assess-icons-container elementor-section-boxed elementor-section-height-default elementor-section-height-default\" data-id=\"43ce9d5\" data-element_type=\"section\">\n\t\t\t\t\t\t<div class=\"elementor-container elementor-column-gap-default\">\n\t\t\t\t\t<div class=\"elementor-column elementor-col-25 elementor-top-column elementor-element elementor-element-004a4e9\" data-id=\"004a4e9\" data-element_type=\"column\">\n\t\t\t<div class=\"elementor-widget-wrap elementor-element-populated\">\n\t\t\t\t\t\t<div class=\"elementor-element elementor-element-89db1f9 assess-domain elementor-position-top elementor-widget elementor-widget-image-box\" data-id=\"89db1f9\" data-element_type=\"widget\" data-widget_type=\"image-box.default\">\n\t\t\t\t<div class=\"elementor-widget-container\">\n\t\t\t\t\t<div class=\"elementor-image-box-wrapper\"><figure class=\"elementor-image-box-img\"><img decoding=\"async\" width=\"100\" height=\"100\" src=\"https:\/\/sfs-tools.ca\/wp-content\/uploads\/2022\/03\/Skillplan-Icons-FINAL_SFS.jpg\" class=\"attachment-full size-full wp-image-1537\" alt=\"\" \/><\/figure><div class=\"elementor-image-box-content\"><h3 class=\"elementor-image-box-title\">Tronc commun du programme Comp\u00e9tences pour r\u00e9ussir<\/h3><p class=\"elementor-image-box-description\"><span data-key=\"keyCC\"><\/span><\/p><\/div><\/div>\t\t\t\t<\/div>\n\t\t\t\t<\/div>\n\t\t\t\t<div class=\"elementor-element elementor-element-08500f2 elementor-align-justify elementor-tablet-align-center assess-btn-core elementor-widget elementor-widget-button\" data-id=\"08500f2\" data-element_type=\"widget\" data-widget_type=\"button.default\">\n\t\t\t\t<div class=\"elementor-widget-container\">\n\t\t\t\t\t\t\t\t\t<div class=\"elementor-button-wrapper\">\n\t\t\t\t\t<a class=\"elementor-button elementor-button-link elementor-size-sm elementor-animation-grow\" href=\"https:\/\/sfs-tools.ca\/fr\/skills-for-success-common-core\/\">\n\t\t\t\t\t\t<span class=\"elementor-button-content-wrapper\">\n\t\t\t\t\t\t\t\t\t<span class=\"elementor-button-text\">\u00c9VALUER<\/span>\n\t\t\t\t\t<\/span>\n\t\t\t\t\t<\/a>\n\t\t\t\t<\/div>\n\t\t\t\t\t\t\t\t<\/div>\n\t\t\t\t<\/div>\n\t\t\t\t\t<\/div>\n\t\t<\/div>\n\t\t\t\t<div class=\"elementor-column elementor-col-25 elementor-top-column elementor-element elementor-element-23dc4b5\" data-id=\"23dc4b5\" data-element_type=\"column\">\n\t\t\t<div class=\"elementor-widget-wrap elementor-element-populated\">\n\t\t\t\t\t\t<div class=\"elementor-element elementor-element-04ef895 assess-domain elementor-position-top elementor-widget elementor-widget-image-box\" data-id=\"04ef895\" data-element_type=\"widget\" data-widget_type=\"image-box.default\">\n\t\t\t\t<div class=\"elementor-widget-container\">\n\t\t\t\t\t<div class=\"elementor-image-box-wrapper\"><figure class=\"elementor-image-box-img\"><img decoding=\"async\" width=\"100\" height=\"100\" src=\"https:\/\/sfs-tools.ca\/wp-content\/uploads\/2022\/03\/Skillplan-Icons-FINAL_Design.jpg\" class=\"attachment-full size-full wp-image-1536\" alt=\"\" \/><\/figure><div class=\"elementor-image-box-content\"><h3 class=\"elementor-image-box-title\">Concevoir<\/h3><p class=\"elementor-image-box-description\"><span data-key=\"keyDesign\"><\/span><\/p><\/div><\/div>\t\t\t\t<\/div>\n\t\t\t\t<\/div>\n\t\t\t\t<div class=\"elementor-element elementor-element-3a2b215 elementor-align-justify elementor-tablet-align-center assess-btn-design elementor-widget elementor-widget-button\" data-id=\"3a2b215\" data-element_type=\"widget\" data-widget_type=\"button.default\">\n\t\t\t\t<div class=\"elementor-widget-container\">\n\t\t\t\t\t\t\t\t\t<div class=\"elementor-button-wrapper\">\n\t\t\t\t\t<a class=\"elementor-button elementor-button-link elementor-size-sm elementor-animation-grow\" href=\"https:\/\/sfs-tools.ca\/fr\/design-self-assessment-tool\/\">\n\t\t\t\t\t\t<span class=\"elementor-button-content-wrapper\">\n\t\t\t\t\t\t\t\t\t<span class=\"elementor-button-text\">\u00c9VALUER<\/span>\n\t\t\t\t\t<\/span>\n\t\t\t\t\t<\/a>\n\t\t\t\t<\/div>\n\t\t\t\t\t\t\t\t<\/div>\n\t\t\t\t<\/div>\n\t\t\t\t\t<\/div>\n\t\t<\/div>\n\t\t\t\t<div class=\"elementor-column elementor-col-25 elementor-top-column elementor-element elementor-element-580f92f\" data-id=\"580f92f\" data-element_type=\"column\">\n\t\t\t<div class=\"elementor-widget-wrap elementor-element-populated\">\n\t\t\t\t\t\t<div class=\"elementor-element elementor-element-db7c3d0 assess-domain elementor-position-top elementor-widget elementor-widget-image-box\" data-id=\"db7c3d0\" data-element_type=\"widget\" data-widget_type=\"image-box.default\">\n\t\t\t\t<div class=\"elementor-widget-container\">\n\t\t\t\t\t<div class=\"elementor-image-box-wrapper\"><figure class=\"elementor-image-box-img\"><img decoding=\"async\" width=\"100\" height=\"100\" src=\"https:\/\/sfs-tools.ca\/wp-content\/uploads\/2022\/03\/Skillplan-Icons-FINAL_Deliver.jpg\" class=\"attachment-full size-full wp-image-1535\" alt=\"\" \/><\/figure><div class=\"elementor-image-box-content\"><h3 class=\"elementor-image-box-title\">Ex\u00e9cuter<\/h3><p class=\"elementor-image-box-description\"><span data-key=\"keyDeliver\"><\/span><\/p><\/div><\/div>\t\t\t\t<\/div>\n\t\t\t\t<\/div>\n\t\t\t\t<div class=\"elementor-element elementor-element-be85e71 elementor-align-justify elementor-tablet-align-center assess-btn-deliver elementor-widget elementor-widget-button\" data-id=\"be85e71\" data-element_type=\"widget\" data-widget_type=\"button.default\">\n\t\t\t\t<div class=\"elementor-widget-container\">\n\t\t\t\t\t\t\t\t\t<div class=\"elementor-button-wrapper\">\n\t\t\t\t\t<a class=\"elementor-button elementor-button-link elementor-size-sm elementor-animation-grow\" href=\"https:\/\/sfs-tools.ca\/fr\/deliver-self-assessment-tool\/\">\n\t\t\t\t\t\t<span class=\"elementor-button-content-wrapper\">\n\t\t\t\t\t\t\t\t\t<span class=\"elementor-button-text\">\u00c9VALUER<\/span>\n\t\t\t\t\t<\/span>\n\t\t\t\t\t<\/a>\n\t\t\t\t<\/div>\n\t\t\t\t\t\t\t\t<\/div>\n\t\t\t\t<\/div>\n\t\t\t\t\t<\/div>\n\t\t<\/div>\n\t\t\t\t<div class=\"elementor-column elementor-col-25 elementor-top-column elementor-element elementor-element-7314bde\" data-id=\"7314bde\" data-element_type=\"column\">\n\t\t\t<div class=\"elementor-widget-wrap elementor-element-populated\">\n\t\t\t\t\t\t<div class=\"elementor-element elementor-element-54e0e9f assess-domain elementor-position-top elementor-widget elementor-widget-image-box\" data-id=\"54e0e9f\" data-element_type=\"widget\" data-widget_type=\"image-box.default\">\n\t\t\t\t<div class=\"elementor-widget-container\">\n\t\t\t\t\t<div class=\"elementor-image-box-wrapper\"><figure class=\"elementor-image-box-img\"><img loading=\"lazy\" decoding=\"async\" width=\"100\" height=\"100\" src=\"https:\/\/sfs-tools.ca\/wp-content\/uploads\/2022\/03\/Skillplan-Icons-FINAL_Assess.jpg\" class=\"attachment-full size-full wp-image-1534\" alt=\"\" \/><\/figure><div class=\"elementor-image-box-content\"><h3 class=\"elementor-image-box-title\">\u00c9valuer<\/h3><p class=\"elementor-image-box-description\"><span data-key=\"keyAssess\"><\/span><\/p><\/div><\/div>\t\t\t\t<\/div>\n\t\t\t\t<\/div>\n\t\t\t\t<div class=\"elementor-element elementor-element-9fb5399 elementor-align-justify elementor-tablet-align-center assess-btn-assess elementor-widget elementor-widget-button\" data-id=\"9fb5399\" data-element_type=\"widget\" data-widget_type=\"button.default\">\n\t\t\t\t<div class=\"elementor-widget-container\">\n\t\t\t\t\t\t\t\t\t<div class=\"elementor-button-wrapper\">\n\t\t\t\t\t<a class=\"elementor-button elementor-button-link elementor-size-sm elementor-animation-grow\" href=\"https:\/\/sfs-tools.ca\/fr\/assess-self-assessment-tool\/\">\n\t\t\t\t\t\t<span class=\"elementor-button-content-wrapper\">\n\t\t\t\t\t\t\t\t\t<span class=\"elementor-button-text\">\u00c9VALUER<\/span>\n\t\t\t\t\t<\/span>\n\t\t\t\t\t<\/a>\n\t\t\t\t<\/div>\n\t\t\t\t\t\t\t\t<\/div>\n\t\t\t\t<\/div>\n\t\t\t\t\t<\/div>\n\t\t<\/div>\n\t\t\t\t\t<\/div>\n\t\t<\/section>\n\t\t\t\t<section class=\"elementor-section elementor-top-section elementor-element elementor-element-ad0838e elementor-section-boxed elementor-section-height-default elementor-section-height-default\" data-id=\"ad0838e\" data-element_type=\"section\">\n\t\t\t\t\t\t<div class=\"elementor-container elementor-column-gap-default\">\n\t\t\t\t\t<div class=\"elementor-column elementor-col-100 elementor-top-column elementor-element elementor-element-0c4ec4e\" data-id=\"0c4ec4e\" data-element_type=\"column\">\n\t\t\t<div class=\"elementor-widget-wrap elementor-element-populated\">\n\t\t\t\t\t\t<div class=\"elementor-element elementor-element-9bd1929 elementor-widget elementor-widget-text-editor\" data-id=\"9bd1929\" data-element_type=\"widget\" data-widget_type=\"text-editor.default\">\n\t\t\t\t<div class=\"elementor-widget-container\">\n\t\t\t\t\t\t\t\t\t* En raison de mises \u00e0 jour techniques du site Web, il se peut que vous deviez <span class=\"clear-all-storage\">effacer les donn\u00e9es de votre navigateur<\/span> pour reprendre une \u00e9valuation.\t\t\t\t\t\t\t\t<\/div>\n\t\t\t\t<\/div>\n\t\t\t\t\t<\/div>\n\t\t<\/div>\n\t\t\t\t\t<\/div>\n\t\t<\/section>\n\t\t\t\t<\/div>","protected":false},"excerpt":{"rendered":"<p>Whether you&#8217;re a new or experienced Skills for Success practitioner, the self-assessment tools will help you reflect on your practice, pinpoint your strengths and identify areas for improvement. This is not a test! The goal here is to promote self-reflection, so there&#8217;s no pass or fail or final marks. These are quick 15 minute quizzes[&hellip;]<\/p>","protected":false},"author":1,"featured_media":0,"parent":0,"menu_order":0,"comment_status":"closed","ping_status":"closed","template":"page-templates\/pagebuilder.php","meta":{"footnotes":""},"class_list":["post-564","page","type-page","status-publish","hentry"],"_links":{"self":[{"href":"https:\/\/sfs-tools.ca\/fr\/wp-json\/wp\/v2\/pages\/564","targetHints":{"allow":["GET"]}}],"collection":[{"href":"https:\/\/sfs-tools.ca\/fr\/wp-json\/wp\/v2\/pages"}],"about":[{"href":"https:\/\/sfs-tools.ca\/fr\/wp-json\/wp\/v2\/types\/page"}],"author":[{"embeddable":true,"href":"https:\/\/sfs-tools.ca\/fr\/wp-json\/wp\/v2\/users\/1"}],"replies":[{"embeddable":true,"href":"https:\/\/sfs-tools.ca\/fr\/wp-json\/wp\/v2\/comments?post=564"}],"version-history":[{"count":208,"href":"https:\/\/sfs-tools.ca\/fr\/wp-json\/wp\/v2\/pages\/564\/revisions"}],"predecessor-version":[{"id":5051,"href":"https:\/\/sfs-tools.ca\/fr\/wp-json\/wp\/v2\/pages\/564\/revisions\/5051"}],"wp:attachment":[{"href":"https:\/\/sfs-tools.ca\/fr\/wp-json\/wp\/v2\/media?parent=564"}],"curies":[{"name":"wp","href":"https:\/\/api.w.org\/{rel}","templated":true}]}}