{"id":5332,"date":"2023-11-02T15:33:29","date_gmt":"2023-11-02T22:33:29","guid":{"rendered":"https:\/\/sfs-tools.ca\/?page_id=5332"},"modified":"2024-02-29T10:35:42","modified_gmt":"2024-02-29T18:35:42","slug":"get-started-guide","status":"publish","type":"page","link":"https:\/\/sfs-tools.ca\/fr\/get-started-guide\/","title":{"rendered":"Guide de d\u00e9marrage pour les praticiens de Comp\u00e9tences pour r\u00e9ussir"},"content":{"rendered":"<div data-elementor-type=\"wp-page\" data-elementor-id=\"5332\" class=\"elementor elementor-5332\">\n\t\t\t\t\t\t<section class=\"elementor-section elementor-top-section elementor-element elementor-element-a999f04 elementor-section-boxed elementor-section-height-default elementor-section-height-default\" data-id=\"a999f04\" data-element_type=\"section\">\n\t\t\t\t\t\t<div class=\"elementor-container elementor-column-gap-default\">\n\t\t\t\t\t<div class=\"elementor-column elementor-col-100 elementor-top-column elementor-element elementor-element-3dd260a\" data-id=\"3dd260a\" data-element_type=\"column\">\n\t\t\t<div class=\"elementor-widget-wrap elementor-element-populated\">\n\t\t\t\t\t\t<div class=\"elementor-element elementor-element-5970af9 elementor-widget elementor-widget-text-editor\" data-id=\"5970af9\" data-element_type=\"widget\" data-widget_type=\"text-editor.default\">\n\t\t\t\t<div class=\"elementor-widget-container\">\n\t\t\t\t\t\t\t\t\t<p><b>Comment concevoir et livrer des programmes de\nformation efficaces?<\/b><\/p><p>\u00c9lever vos programmes de formation \u00e0 un niveau sup\u00e9rieur avec le Guide de d\u00e9marrage pour les praticiens de Comp\u00e9tences pour r\u00e9ussir! Cette ressource vous aidera \u00e0 concevoir et \u00e0 livrer des programmes de formation en utilisant le nouveau cadre de Comp\u00e9tences pour r\u00e9ussir.<\/p><p>Que vous soyez nouveau \u00e0 Comp\u00e9tences pour r\u00e9ussir, que vous cherchez \u00e0 transitionner du mod\u00e8le original de Comp\u00e9tences essentielles ou que vous recherchez des conseils sur la mise en \u0153uvre des nouvelles comp\u00e9tences, ce guide est fait pour vous!<\/p>\t\t\t\t\t\t\t\t<\/div>\n\t\t\t\t<\/div>\n\t\t\t\t\t<\/div>\n\t\t<\/div>\n\t\t\t\t\t<\/div>\n\t\t<\/section>\n\t\t\t\t<section class=\"elementor-section elementor-top-section elementor-element elementor-element-1ed4ec9 elementor-section-boxed elementor-section-height-default elementor-section-height-default\" data-id=\"1ed4ec9\" data-element_type=\"section\">\n\t\t\t\t\t\t<div class=\"elementor-container elementor-column-gap-default\">\n\t\t\t\t\t<div class=\"elementor-column elementor-col-100 elementor-top-column elementor-element elementor-element-f8363e8\" data-id=\"f8363e8\" data-element_type=\"column\">\n\t\t\t<div class=\"elementor-widget-wrap elementor-element-populated\">\n\t\t\t\t\t\t<div class=\"elementor-element elementor-element-51ee501 elementor-widget elementor-widget-text-editor\" data-id=\"51ee501\" data-element_type=\"widget\" data-widget_type=\"text-editor.default\">\n\t\t\t\t<div class=\"elementor-widget-container\">\n\t\t\t\t\t\t\t\t\t<b>Faites un tour rapide du guide de d\u00e9marrage ci-dessous (version fran\u00e7aise \u00e0 venir)<\/b>\t\t\t\t\t\t\t\t<\/div>\n\t\t\t\t<\/div>\n\t\t\t\t<div class=\"elementor-element elementor-element-170d91c elementor-widget elementor-widget-video\" data-id=\"170d91c\" data-element_type=\"widget\" data-settings=\"{&quot;video_type&quot;:&quot;vimeo&quot;}\" data-widget_type=\"video.default\">\n\t\t\t\t<div class=\"elementor-widget-container\">\n\t\t\t\t\t\t\t<div class=\"elementor-wrapper elementor-open-inline\">\n\t\t\t<iframe class=\"elementor-video-iframe\" allowfullscreen allow=\"clipboard-write\" title=\"Lecteur vid\u00e9o vimeo\" src=\"https:\/\/player.vimeo.com\/video\/914905836?color&amp;autopause=0&amp;loop=0&amp;muted=0&amp;title=1&amp;portrait=1&amp;byline=0&amp;h=fbdcf0c84b#t=\"><\/iframe>\t\t<\/div>\n\t\t\t\t\t\t<\/div>\n\t\t\t\t<\/div>\n\t\t\t\t<div class=\"elementor-element elementor-element-9b7e575 elementor-widget elementor-widget-text-editor\" data-id=\"9b7e575\" data-element_type=\"widget\" data-widget_type=\"text-editor.default\">\n\t\t\t\t<div class=\"elementor-widget-container\">\n\t\t\t\t\t\t\t\t\t<p class=\"fr-only\">Remarque : Le Guide de d\u00e9marrage est seulement disponible en anglais pr\u00e9sentement. Veuillez rester \u00e0 l&#8217;aff\u00fbt pour la version fran\u00e7aise.<\/p>\nVisualisez ou t\u00e9l\u00e9chargez le Guide de d\u00e9marrage en cliquant sur le lien ci-apr\u00e8s.\t\t\t\t\t\t\t\t<\/div>\n\t\t\t\t<\/div>\n\t\t\t\t\t<\/div>\n\t\t<\/div>\n\t\t\t\t\t<\/div>\n\t\t<\/section>\n\t\t\t\t<section class=\"elementor-section elementor-top-section elementor-element elementor-element-d3e5d0d elementor-section-boxed elementor-section-height-default elementor-section-height-default\" data-id=\"d3e5d0d\" data-element_type=\"section\">\n\t\t\t\t\t\t<div class=\"elementor-container elementor-column-gap-default\">\n\t\t\t\t\t<div class=\"elementor-column elementor-col-100 elementor-top-column elementor-element elementor-element-90f2ecb\" data-id=\"90f2ecb\" data-element_type=\"column\">\n\t\t\t<div class=\"elementor-widget-wrap elementor-element-populated\">\n\t\t\t\t\t\t<div class=\"elementor-element elementor-element-dfc88f3 elementor-align-center elementor-widget elementor-widget-button\" data-id=\"dfc88f3\" data-element_type=\"widget\" data-no-translation=\"\" data-widget_type=\"button.default\">\n\t\t\t\t<div class=\"elementor-widget-container\">\n\t\t\t\t\t<style>.elementor-element-dfc88f3{display:none !important}<\/style>\t\t\t\t<\/div>\n\t\t\t\t<\/div>\n\t\t\t\t<div class=\"elementor-element elementor-element-4f7ae40 elementor-align-center elementor-widget elementor-widget-button\" data-id=\"4f7ae40\" data-element_type=\"widget\" data-no-translation=\"\" data-widget_type=\"button.default\">\n\t\t\t\t<div class=\"elementor-widget-container\">\n\t\t\t\t\t\t\t\t\t<div class=\"elementor-button-wrapper\">\n\t\t\t\t\t<a class=\"elementor-button elementor-button-link elementor-size-sm elementor-animation-grow\" href=\"https:\/\/sfs-tools.ca\/wp-content\/uploads\/2024\/02\/SFS-Get-Started-Guide_FINAL_MAR2024.pdf\" target=\"_blank\">\n\t\t\t\t\t\t<span class=\"elementor-button-content-wrapper\">\n\t\t\t\t\t\t<span class=\"elementor-button-icon\">\n\t\t\t\t<i aria-hidden=\"true\" class=\"far fa-file-pdf\"><\/i>\t\t\t<\/span>\n\t\t\t\t\t\t\t\t\t<span class=\"elementor-button-text\">T\u00e9l\u00e9charger en format PDF<\/span>\n\t\t\t\t\t<\/span>\n\t\t\t\t\t<\/a>\n\t\t\t\t<\/div>\n\t\t\t\t\t\t\t\t<\/div>\n\t\t\t\t<\/div>\n\t\t\t\t\t<\/div>\n\t\t<\/div>\n\t\t\t\t\t<\/div>\n\t\t<\/section>\n\t\t\t\t<section class=\"elementor-section elementor-top-section elementor-element elementor-element-6c20c8b elementor-section-boxed elementor-section-height-default elementor-section-height-default\" data-id=\"6c20c8b\" data-element_type=\"section\">\n\t\t\t\t\t\t<div class=\"elementor-container elementor-column-gap-default\">\n\t\t\t\t\t<div class=\"elementor-column elementor-col-100 elementor-top-column elementor-element elementor-element-0eaf5a8\" data-id=\"0eaf5a8\" data-element_type=\"column\">\n\t\t\t<div class=\"elementor-widget-wrap elementor-element-populated\">\n\t\t\t\t\t\t<div class=\"elementor-element elementor-element-d1c8956 pdf-container elementor-widget elementor-widget-pdfjs_viewer\" data-id=\"d1c8956\" data-element_type=\"widget\" data-no-translation=\"\" data-widget_type=\"pdfjs_viewer.default\">\n\t\t\t\t<div class=\"elementor-widget-container\">\n\t\t\t\t\t<style>.elementor-element-d1c8956{display:none !important}<\/style>\t\t\t\t<\/div>\n\t\t\t\t<\/div>\n\t\t\t\t<div class=\"elementor-element elementor-element-58c5d4c pdf-container elementor-widget elementor-widget-pdfjs_viewer\" data-id=\"58c5d4c\" data-element_type=\"widget\" data-no-translation=\"\" data-widget_type=\"pdfjs_viewer.default\">\n\t\t\t\t<div class=\"elementor-widget-container\">\n\t\t\t\t\t<iframe src=\"https:\/\/sfs-tools.ca\/wp-content\/plugins\/pdf-viewer-for-elementor\/assets\/pdfjs\/web\/viewer.html?file=https:\/\/sfs-tools.ca\/wp-content\/uploads\/2024\/02\/SFS-Get-Started-Guide_FINAL_MAR2024.pdf&amp;embedded=true\" style=\"display: block; margin-left: auto; margin-right: auto; width: %; height: 100%;\" frameborder=\"1\" marginheight=\"0px\" marginwidth=\"0px\" allowfullscreen><\/iframe>\t\t\t\t<\/div>\n\t\t\t\t<\/div>\n\t\t\t\t\t<\/div>\n\t\t<\/div>\n\t\t\t\t\t<\/div>\n\t\t<\/section>\n\t\t\t\t<\/div>","protected":false},"excerpt":{"rendered":"<p>How do you design and deliver effective training programs? Take your training programs to the next level with the Skills for Success Get Started Guide for Practitioners! This resource will help you design and deliver training programs using the new Skills for Success framework. Whether you are new to Skills for Success, looking to transition[&hellip;]<\/p>","protected":false},"author":1,"featured_media":0,"parent":0,"menu_order":0,"comment_status":"closed","ping_status":"closed","template":"page-templates\/pagebuilder.php","meta":{"footnotes":""},"class_list":["post-5332","page","type-page","status-publish","hentry"],"_links":{"self":[{"href":"https:\/\/sfs-tools.ca\/fr\/wp-json\/wp\/v2\/pages\/5332","targetHints":{"allow":["GET"]}}],"collection":[{"href":"https:\/\/sfs-tools.ca\/fr\/wp-json\/wp\/v2\/pages"}],"about":[{"href":"https:\/\/sfs-tools.ca\/fr\/wp-json\/wp\/v2\/types\/page"}],"author":[{"embeddable":true,"href":"https:\/\/sfs-tools.ca\/fr\/wp-json\/wp\/v2\/users\/1"}],"replies":[{"embeddable":true,"href":"https:\/\/sfs-tools.ca\/fr\/wp-json\/wp\/v2\/comments?post=5332"}],"version-history":[{"count":101,"href":"https:\/\/sfs-tools.ca\/fr\/wp-json\/wp\/v2\/pages\/5332\/revisions"}],"predecessor-version":[{"id":5606,"href":"https:\/\/sfs-tools.ca\/fr\/wp-json\/wp\/v2\/pages\/5332\/revisions\/5606"}],"wp:attachment":[{"href":"https:\/\/sfs-tools.ca\/fr\/wp-json\/wp\/v2\/media?parent=5332"}],"curies":[{"name":"wp","href":"https:\/\/api.w.org\/{rel}","templated":true}]}}