{"id":4031,"date":"2022-09-28T10:37:45","date_gmt":"2022-09-28T17:37:45","guid":{"rendered":"https:\/\/sfs-tools.ca\/?page_id=4031"},"modified":"2023-06-13T19:26:41","modified_gmt":"2023-06-14T02:26:41","slug":"about-project","status":"publish","type":"page","link":"https:\/\/sfs-tools.ca\/fr\/about-project\/","title":{"rendered":"\u00c0 propos du projet"},"content":{"rendered":"<div data-elementor-type=\"wp-page\" data-elementor-id=\"4031\" class=\"elementor elementor-4031\">\n\t\t\t\t\t\t<section class=\"elementor-section elementor-top-section elementor-element elementor-element-55bb7cd elementor-section-boxed elementor-section-height-default elementor-section-height-default\" data-id=\"55bb7cd\" data-element_type=\"section\">\n\t\t\t\t\t\t<div class=\"elementor-container elementor-column-gap-default\">\n\t\t\t\t\t<div class=\"elementor-column elementor-col-100 elementor-top-column elementor-element elementor-element-621fdea\" data-id=\"621fdea\" data-element_type=\"column\">\n\t\t\t<div class=\"elementor-widget-wrap elementor-element-populated\">\n\t\t\t\t\t\t<div class=\"elementor-element elementor-element-5b86e4d elementor-widget elementor-widget-text-editor\" data-id=\"5b86e4d\" data-element_type=\"widget\" data-widget_type=\"text-editor.default\">\n\t\t\t\t<div class=\"elementor-widget-container\">\n\t\t\t\t\t\t\t\t\t<p><span style=\"font-style: inherit; font-weight: inherit; color: var( --e-global-color-44e61c0 );\">Le Cadre de comp\u00e9tences pour les praticiens du programme Comp\u00e9tences pour r\u00e9ussir est une composante du projet <\/span><i style=\"font-weight: inherit; color: var( --e-global-color-44e61c0 );\">\u00c9laboration d\u2019un cadre pour le d\u00e9veloppement professionnel des praticiens responsables du d\u00e9veloppement des comp\u00e9tences essentielles<\/i><span style=\"font-style: inherit; font-weight: inherit; color: var( --e-global-color-44e61c0 );\">. Ce programme est financ\u00e9 en partie par le Programme d\u2019apprentissage, d\u2019alphab\u00e9tisation et d\u2019acquisition des comp\u00e9tences essentielles pour les adultes du gouvernement du Canada.<\/span><\/p><p><b>Quels sont les outils \u00e0 votre disposition?<\/b><\/p><p>Le cadre de comp\u00e9tences repr\u00e9sente l\u2019\u00e9l\u00e9ment central de ce projet. Ce cadre d\u00e9finit les comp\u00e9tences et les connaissances que tout praticien du programme Comp\u00e9tences pour r\u00e9ussir, qui se veut efficace, doit poss\u00e9der. D\u2019autres outils ont \u00e9t\u00e9 d\u00e9velopp\u00e9s pour renforcer l\u2019engagement des praticiens envers le cadre de comp\u00e9tences et leur d\u00e9veloppement professionnel, dont des outils d\u2019auto\u00e9valuation, une biblioth\u00e8que de ressources num\u00e9riques, une liste des ressources de formation et un plan de d\u00e9veloppement professionnel.<\/p><p><b>Quel est le but poursuivi?<\/b><\/p><p>L\u2019objectif principal du projet vise \u00e0 accro\u00eetre la qualit\u00e9 de l\u2019enseignement prodigu\u00e9 aux participants des programmes de formation Comp\u00e9tences pour r\u00e9ussir.<\/p><p>Le cadre offre aux r\u00e9gions de la souplesse et une capacit\u00e9 d\u2019adaptation en fonction des besoins des praticiens, tout en tendant vers une uniformisation de la formation qu\u2019ils re\u00e7oivent. Ultimement, la professionnalisation du domaine dans lequel \u0153uvrent les praticiens du programme Comp\u00e9tences pour r\u00e9ussir au Canada fera en sorte que les apprenants suivant une formation s\u2019appuyant sur ce programme obtiendront des r\u00e9sultats sup\u00e9rieurs de fa\u00e7on constante.<\/p><p><b>Comment s\u2019est poursuivi le processus d\u2019\u00e9laboration du cadre de comp\u00e9tences?<\/b><\/p><p><span style=\"font-style: inherit; font-weight: inherit; color: var( --e-global-color-44e61c0 );\">L\u2019\u00e9laboration du cadre de comp\u00e9tences s\u2019est appuy\u00e9e sur trois sources. D\u2019abord, sur une s\u00e9rie de consultations avec les membres de la communaut\u00e9 du programme Comp\u00e9tences pour r\u00e9ussir de partout au Canada, puis sur une analyse environnementale exhaustive des ressources de perfectionnement professionnel et des possibilit\u00e9s de formation existantes et finalement, sur les r\u00e9sultats de recherches cibl\u00e9es sur les pratiques exemplaires li\u00e9es \u00e0 l\u2019enseignement de nouvelles comp\u00e9tences, dont celles relatives au num\u00e9rique, \u00e0 la capacit\u00e9 d\u2019adaptation, \u00e0 la communication, \u00e0 la collaboration, \u00e0 la r\u00e9solution de probl\u00e8mes et \u00e0 la cr\u00e9ativit\u00e9.<\/span><\/p>\t\t\t\t\t\t\t\t<\/div>\n\t\t\t\t<\/div>\n\t\t\t\t<div class=\"elementor-element elementor-element-22eca70 elementor-widget elementor-widget-text-editor\" data-id=\"22eca70\" data-element_type=\"widget\" data-widget_type=\"text-editor.default\">\n\t\t\t\t<div class=\"elementor-widget-container\">\n\t\t\t\t\t\t\t\t\t<p><b>T\u00e9l\u00e9charger les rapports de recherche par competence:<\/b><\/p>\t\t\t\t\t\t\t\t<\/div>\n\t\t\t\t<\/div>\n\t\t\t\t<section class=\"elementor-section elementor-inner-section elementor-element elementor-element-d64f391 elementor-section-boxed elementor-section-height-default elementor-section-height-default\" data-id=\"d64f391\" data-element_type=\"section\">\n\t\t\t\t\t\t<div class=\"elementor-container elementor-column-gap-no\">\n\t\t\t\t\t<div class=\"elementor-column elementor-col-33 elementor-inner-column elementor-element elementor-element-994f592\" data-id=\"994f592\" data-element_type=\"column\">\n\t\t\t<div class=\"elementor-widget-wrap elementor-element-populated\">\n\t\t\t\t\t\t<div class=\"elementor-element elementor-element-85865f3 elementor-widget elementor-widget-image\" data-id=\"85865f3\" data-element_type=\"widget\" data-no-translation=\"\" data-widget_type=\"image.default\">\n\t\t\t\t<div class=\"elementor-widget-container\">\n\t\t\t\t\t<style>.elementor-element-85865f3{display:none !important}<\/style>\t\t\t\t<\/div>\n\t\t\t\t<\/div>\n\t\t\t\t<div class=\"elementor-element elementor-element-4c8c4d4 elementor-widget elementor-widget-image\" data-id=\"4c8c4d4\" data-element_type=\"widget\" data-no-translation=\"\" data-widget_type=\"image.default\">\n\t\t\t\t<div class=\"elementor-widget-container\">\n\t\t\t\t\t\t\t\t\t\t\t\t\t\t\t\t<a href=\"https:\/\/sfs-tools.ca\/wp-content\/uploads\/2023\/06\/SkillPlan_Adaptability-FRENCH.pdf\" target=\"_blank\">\n\t\t\t\t\t\t\t<img fetchpriority=\"high\" decoding=\"async\" width=\"621\" height=\"806\" src=\"https:\/\/sfs-tools.ca\/wp-content\/uploads\/2023\/06\/Adaptability-FR.png\" class=\"attachment-large size-large wp-image-5236\" alt=\"\" srcset=\"https:\/\/sfs-tools.ca\/wp-content\/uploads\/2023\/06\/Adaptability-FR.png 621w, https:\/\/sfs-tools.ca\/wp-content\/uploads\/2023\/06\/Adaptability-FR-231x300.png 231w, https:\/\/sfs-tools.ca\/wp-content\/uploads\/2023\/06\/Adaptability-FR-9x12.png 9w\" sizes=\"(max-width: 621px) 100vw, 621px\" \/>\t\t\t\t\t\t\t\t<\/a>\n\t\t\t\t\t\t\t\t\t\t\t\t\t\t\t<\/div>\n\t\t\t\t<\/div>\n\t\t\t\t\t<\/div>\n\t\t<\/div>\n\t\t\t\t<div class=\"elementor-column elementor-col-33 elementor-inner-column elementor-element elementor-element-4f97940\" data-id=\"4f97940\" data-element_type=\"column\">\n\t\t\t<div class=\"elementor-widget-wrap elementor-element-populated\">\n\t\t\t\t\t\t<div class=\"elementor-element elementor-element-a0c8312 elementor-widget elementor-widget-image\" data-id=\"a0c8312\" data-element_type=\"widget\" data-no-translation=\"\" data-widget_type=\"image.default\">\n\t\t\t\t<div class=\"elementor-widget-container\">\n\t\t\t\t\t<style>.elementor-element-a0c8312{display:none !important}<\/style>\t\t\t\t<\/div>\n\t\t\t\t<\/div>\n\t\t\t\t<div class=\"elementor-element elementor-element-7ca008e elementor-widget elementor-widget-image\" data-id=\"7ca008e\" data-element_type=\"widget\" data-no-translation=\"\" data-widget_type=\"image.default\">\n\t\t\t\t<div class=\"elementor-widget-container\">\n\t\t\t\t\t\t\t\t\t\t\t\t\t\t\t\t<a href=\"https:\/\/sfs-tools.ca\/wp-content\/uploads\/2023\/06\/SkillPlan_Collaboration-FRENCH.pdf\" target=\"_blank\">\n\t\t\t\t\t\t\t<img decoding=\"async\" width=\"618\" height=\"801\" src=\"https:\/\/sfs-tools.ca\/wp-content\/uploads\/2023\/06\/Collaboration-FR.png\" class=\"attachment-large size-large wp-image-5237\" alt=\"\" srcset=\"https:\/\/sfs-tools.ca\/wp-content\/uploads\/2023\/06\/Collaboration-FR.png 618w, https:\/\/sfs-tools.ca\/wp-content\/uploads\/2023\/06\/Collaboration-FR-231x300.png 231w, https:\/\/sfs-tools.ca\/wp-content\/uploads\/2023\/06\/Collaboration-FR-9x12.png 9w\" sizes=\"(max-width: 618px) 100vw, 618px\" \/>\t\t\t\t\t\t\t\t<\/a>\n\t\t\t\t\t\t\t\t\t\t\t\t\t\t\t<\/div>\n\t\t\t\t<\/div>\n\t\t\t\t\t<\/div>\n\t\t<\/div>\n\t\t\t\t<div class=\"elementor-column elementor-col-33 elementor-inner-column elementor-element elementor-element-cd857f6\" data-id=\"cd857f6\" data-element_type=\"column\">\n\t\t\t<div class=\"elementor-widget-wrap elementor-element-populated\">\n\t\t\t\t\t\t<div class=\"elementor-element elementor-element-0c875d0 elementor-widget elementor-widget-image\" data-id=\"0c875d0\" data-element_type=\"widget\" data-no-translation=\"\" data-widget_type=\"image.default\">\n\t\t\t\t<div class=\"elementor-widget-container\">\n\t\t\t\t\t<style>.elementor-element-0c875d0{display:none !important}<\/style>\t\t\t\t<\/div>\n\t\t\t\t<\/div>\n\t\t\t\t<div class=\"elementor-element elementor-element-170bd53 elementor-widget elementor-widget-image\" data-id=\"170bd53\" data-element_type=\"widget\" data-no-translation=\"\" data-widget_type=\"image.default\">\n\t\t\t\t<div class=\"elementor-widget-container\">\n\t\t\t\t\t\t\t\t\t\t\t\t\t\t\t\t<a href=\"https:\/\/sfs-tools.ca\/wp-content\/uploads\/2023\/06\/SkillPlan_Communication-FRENCH.pdf\" target=\"_blank\">\n\t\t\t\t\t\t\t<img decoding=\"async\" width=\"622\" height=\"804\" src=\"https:\/\/sfs-tools.ca\/wp-content\/uploads\/2023\/06\/Communication-FR.png\" class=\"attachment-large size-large wp-image-5238\" alt=\"\" srcset=\"https:\/\/sfs-tools.ca\/wp-content\/uploads\/2023\/06\/Communication-FR.png 622w, https:\/\/sfs-tools.ca\/wp-content\/uploads\/2023\/06\/Communication-FR-232x300.png 232w, https:\/\/sfs-tools.ca\/wp-content\/uploads\/2023\/06\/Communication-FR-9x12.png 9w\" sizes=\"(max-width: 622px) 100vw, 622px\" \/>\t\t\t\t\t\t\t\t<\/a>\n\t\t\t\t\t\t\t\t\t\t\t\t\t\t\t<\/div>\n\t\t\t\t<\/div>\n\t\t\t\t\t<\/div>\n\t\t<\/div>\n\t\t\t\t\t<\/div>\n\t\t<\/section>\n\t\t\t\t<section class=\"elementor-section elementor-inner-section elementor-element elementor-element-15cba37 elementor-section-boxed elementor-section-height-default elementor-section-height-default\" data-id=\"15cba37\" data-element_type=\"section\">\n\t\t\t\t\t\t<div class=\"elementor-container elementor-column-gap-no\">\n\t\t\t\t\t<div class=\"elementor-column elementor-col-33 elementor-inner-column elementor-element elementor-element-4e11d84\" data-id=\"4e11d84\" data-element_type=\"column\">\n\t\t\t<div class=\"elementor-widget-wrap elementor-element-populated\">\n\t\t\t\t\t\t<div class=\"elementor-element elementor-element-ef4d376 elementor-widget elementor-widget-image\" data-id=\"ef4d376\" data-element_type=\"widget\" data-no-translation=\"\" data-widget_type=\"image.default\">\n\t\t\t\t<div class=\"elementor-widget-container\">\n\t\t\t\t\t<style>.elementor-element-ef4d376{display:none !important}<\/style>\t\t\t\t<\/div>\n\t\t\t\t<\/div>\n\t\t\t\t<div class=\"elementor-element elementor-element-c13f6ea elementor-widget elementor-widget-image\" data-id=\"c13f6ea\" data-element_type=\"widget\" data-no-translation=\"\" data-widget_type=\"image.default\">\n\t\t\t\t<div class=\"elementor-widget-container\">\n\t\t\t\t\t\t\t\t\t\t\t\t\t\t\t\t<a href=\"https:\/\/sfs-tools.ca\/wp-content\/uploads\/2023\/06\/SkillPlan_Creativity-FRENCH.pdf\" target=\"_blank\">\n\t\t\t\t\t\t\t<img loading=\"lazy\" decoding=\"async\" width=\"620\" height=\"807\" src=\"https:\/\/sfs-tools.ca\/wp-content\/uploads\/2023\/06\/Creativity-FR.png\" class=\"attachment-large size-large wp-image-5239\" alt=\"\" srcset=\"https:\/\/sfs-tools.ca\/wp-content\/uploads\/2023\/06\/Creativity-FR.png 620w, https:\/\/sfs-tools.ca\/wp-content\/uploads\/2023\/06\/Creativity-FR-230x300.png 230w, https:\/\/sfs-tools.ca\/wp-content\/uploads\/2023\/06\/Creativity-FR-9x12.png 9w\" sizes=\"(max-width: 620px) 100vw, 620px\" \/>\t\t\t\t\t\t\t\t<\/a>\n\t\t\t\t\t\t\t\t\t\t\t\t\t\t\t<\/div>\n\t\t\t\t<\/div>\n\t\t\t\t\t<\/div>\n\t\t<\/div>\n\t\t\t\t<div class=\"elementor-column elementor-col-33 elementor-inner-column elementor-element elementor-element-b122ce2\" data-id=\"b122ce2\" data-element_type=\"column\">\n\t\t\t<div class=\"elementor-widget-wrap elementor-element-populated\">\n\t\t\t\t\t\t<div class=\"elementor-element elementor-element-c28a4b3 elementor-widget elementor-widget-image\" data-id=\"c28a4b3\" data-element_type=\"widget\" data-no-translation=\"\" data-widget_type=\"image.default\">\n\t\t\t\t<div class=\"elementor-widget-container\">\n\t\t\t\t\t<style>.elementor-element-c28a4b3{display:none !important}<\/style>\t\t\t\t<\/div>\n\t\t\t\t<\/div>\n\t\t\t\t<div class=\"elementor-element elementor-element-03301a8 elementor-widget elementor-widget-image\" data-id=\"03301a8\" data-element_type=\"widget\" data-no-translation=\"\" data-widget_type=\"image.default\">\n\t\t\t\t<div class=\"elementor-widget-container\">\n\t\t\t\t\t\t\t\t\t\t\t\t\t\t\t\t<a href=\"https:\/\/sfs-tools.ca\/wp-content\/uploads\/2023\/06\/SkillPlan_Digital-Skills-FRENCH.pdf\" target=\"_blank\">\n\t\t\t\t\t\t\t<img loading=\"lazy\" decoding=\"async\" width=\"622\" height=\"806\" src=\"https:\/\/sfs-tools.ca\/wp-content\/uploads\/2023\/06\/Digital-FR.png\" class=\"attachment-large size-large wp-image-5240\" alt=\"\" srcset=\"https:\/\/sfs-tools.ca\/wp-content\/uploads\/2023\/06\/Digital-FR.png 622w, https:\/\/sfs-tools.ca\/wp-content\/uploads\/2023\/06\/Digital-FR-232x300.png 232w, https:\/\/sfs-tools.ca\/wp-content\/uploads\/2023\/06\/Digital-FR-9x12.png 9w\" sizes=\"(max-width: 622px) 100vw, 622px\" \/>\t\t\t\t\t\t\t\t<\/a>\n\t\t\t\t\t\t\t\t\t\t\t\t\t\t\t<\/div>\n\t\t\t\t<\/div>\n\t\t\t\t\t<\/div>\n\t\t<\/div>\n\t\t\t\t<div class=\"elementor-column elementor-col-33 elementor-inner-column elementor-element elementor-element-7de1661\" data-id=\"7de1661\" data-element_type=\"column\">\n\t\t\t<div class=\"elementor-widget-wrap elementor-element-populated\">\n\t\t\t\t\t\t<div class=\"elementor-element elementor-element-af2dba2 elementor-widget elementor-widget-image\" data-id=\"af2dba2\" data-element_type=\"widget\" data-no-translation=\"\" data-widget_type=\"image.default\">\n\t\t\t\t<div class=\"elementor-widget-container\">\n\t\t\t\t\t<style>.elementor-element-af2dba2{display:none !important}<\/style>\t\t\t\t<\/div>\n\t\t\t\t<\/div>\n\t\t\t\t<div class=\"elementor-element elementor-element-128a16a elementor-widget elementor-widget-image\" data-id=\"128a16a\" data-element_type=\"widget\" data-no-translation=\"\" data-widget_type=\"image.default\">\n\t\t\t\t<div class=\"elementor-widget-container\">\n\t\t\t\t\t\t\t\t\t\t\t\t\t\t\t\t<a href=\"https:\/\/sfs-tools.ca\/wp-content\/uploads\/2023\/06\/SkillPlan_Numeracy-FRENCH.pdf\" target=\"_blank\">\n\t\t\t\t\t\t\t<img loading=\"lazy\" decoding=\"async\" width=\"624\" height=\"804\" src=\"https:\/\/sfs-tools.ca\/wp-content\/uploads\/2023\/06\/Numeracy-FR.png\" class=\"attachment-large size-large wp-image-5241\" alt=\"\" srcset=\"https:\/\/sfs-tools.ca\/wp-content\/uploads\/2023\/06\/Numeracy-FR.png 624w, https:\/\/sfs-tools.ca\/wp-content\/uploads\/2023\/06\/Numeracy-FR-233x300.png 233w, https:\/\/sfs-tools.ca\/wp-content\/uploads\/2023\/06\/Numeracy-FR-9x12.png 9w\" sizes=\"(max-width: 624px) 100vw, 624px\" \/>\t\t\t\t\t\t\t\t<\/a>\n\t\t\t\t\t\t\t\t\t\t\t\t\t\t\t<\/div>\n\t\t\t\t<\/div>\n\t\t\t\t\t<\/div>\n\t\t<\/div>\n\t\t\t\t\t<\/div>\n\t\t<\/section>\n\t\t\t\t<section class=\"elementor-section elementor-inner-section elementor-element elementor-element-ab6873b elementor-section-boxed elementor-section-height-default elementor-section-height-default\" data-id=\"ab6873b\" data-element_type=\"section\">\n\t\t\t\t\t\t<div class=\"elementor-container elementor-column-gap-no\">\n\t\t\t\t\t<div class=\"elementor-column elementor-col-33 elementor-inner-column elementor-element elementor-element-30f5d88\" data-id=\"30f5d88\" data-element_type=\"column\">\n\t\t\t<div class=\"elementor-widget-wrap elementor-element-populated\">\n\t\t\t\t\t\t<div class=\"elementor-element elementor-element-8897022 elementor-widget elementor-widget-image\" data-id=\"8897022\" data-element_type=\"widget\" data-no-translation=\"\" data-widget_type=\"image.default\">\n\t\t\t\t<div class=\"elementor-widget-container\">\n\t\t\t\t\t<style>.elementor-element-8897022{display:none !important}<\/style>\t\t\t\t<\/div>\n\t\t\t\t<\/div>\n\t\t\t\t<div class=\"elementor-element elementor-element-ad4dbf6 elementor-widget elementor-widget-image\" data-id=\"ad4dbf6\" data-element_type=\"widget\" data-no-translation=\"\" data-widget_type=\"image.default\">\n\t\t\t\t<div class=\"elementor-widget-container\">\n\t\t\t\t\t\t\t\t\t\t\t\t\t\t\t\t<a href=\"https:\/\/sfs-tools.ca\/wp-content\/uploads\/2023\/06\/SkillPlan_Problem-Solving-FRENCH.pdf\" target=\"_blank\">\n\t\t\t\t\t\t\t<img loading=\"lazy\" decoding=\"async\" width=\"622\" height=\"804\" src=\"https:\/\/sfs-tools.ca\/wp-content\/uploads\/2023\/06\/Problem-Solving-FR.png\" class=\"attachment-large size-large wp-image-5242\" alt=\"\" srcset=\"https:\/\/sfs-tools.ca\/wp-content\/uploads\/2023\/06\/Problem-Solving-FR.png 622w, https:\/\/sfs-tools.ca\/wp-content\/uploads\/2023\/06\/Problem-Solving-FR-232x300.png 232w, https:\/\/sfs-tools.ca\/wp-content\/uploads\/2023\/06\/Problem-Solving-FR-9x12.png 9w\" sizes=\"(max-width: 622px) 100vw, 622px\" \/>\t\t\t\t\t\t\t\t<\/a>\n\t\t\t\t\t\t\t\t\t\t\t\t\t\t\t<\/div>\n\t\t\t\t<\/div>\n\t\t\t\t\t<\/div>\n\t\t<\/div>\n\t\t\t\t<div class=\"elementor-column elementor-col-33 elementor-inner-column elementor-element elementor-element-bdf7700\" data-id=\"bdf7700\" data-element_type=\"column\">\n\t\t\t<div class=\"elementor-widget-wrap elementor-element-populated\">\n\t\t\t\t\t\t<div class=\"elementor-element elementor-element-15c2f84 elementor-widget elementor-widget-image\" data-id=\"15c2f84\" data-element_type=\"widget\" data-no-translation=\"\" data-widget_type=\"image.default\">\n\t\t\t\t<div class=\"elementor-widget-container\">\n\t\t\t\t\t<style>.elementor-element-15c2f84{display:none !important}<\/style>\t\t\t\t<\/div>\n\t\t\t\t<\/div>\n\t\t\t\t<div class=\"elementor-element elementor-element-b53e453 elementor-widget elementor-widget-image\" data-id=\"b53e453\" data-element_type=\"widget\" data-no-translation=\"\" data-widget_type=\"image.default\">\n\t\t\t\t<div class=\"elementor-widget-container\">\n\t\t\t\t\t\t\t\t\t\t\t\t\t\t\t\t<a href=\"https:\/\/sfs-tools.ca\/wp-content\/uploads\/2023\/06\/SkillPlan_Reading-FRENCH.pdf\" target=\"_blank\">\n\t\t\t\t\t\t\t<img loading=\"lazy\" decoding=\"async\" width=\"623\" height=\"805\" src=\"https:\/\/sfs-tools.ca\/wp-content\/uploads\/2023\/06\/Reading-FR.png\" class=\"attachment-large size-large wp-image-5243\" alt=\"\" srcset=\"https:\/\/sfs-tools.ca\/wp-content\/uploads\/2023\/06\/Reading-FR.png 623w, https:\/\/sfs-tools.ca\/wp-content\/uploads\/2023\/06\/Reading-FR-232x300.png 232w, https:\/\/sfs-tools.ca\/wp-content\/uploads\/2023\/06\/Reading-FR-9x12.png 9w\" sizes=\"(max-width: 623px) 100vw, 623px\" \/>\t\t\t\t\t\t\t\t<\/a>\n\t\t\t\t\t\t\t\t\t\t\t\t\t\t\t<\/div>\n\t\t\t\t<\/div>\n\t\t\t\t\t<\/div>\n\t\t<\/div>\n\t\t\t\t<div class=\"elementor-column elementor-col-33 elementor-inner-column elementor-element elementor-element-9b21b06\" data-id=\"9b21b06\" data-element_type=\"column\">\n\t\t\t<div class=\"elementor-widget-wrap elementor-element-populated\">\n\t\t\t\t\t\t<div class=\"elementor-element elementor-element-54a019b elementor-widget elementor-widget-image\" data-id=\"54a019b\" data-element_type=\"widget\" data-no-translation=\"\" data-widget_type=\"image.default\">\n\t\t\t\t<div class=\"elementor-widget-container\">\n\t\t\t\t\t<style>.elementor-element-54a019b{display:none !important}<\/style>\t\t\t\t<\/div>\n\t\t\t\t<\/div>\n\t\t\t\t<div class=\"elementor-element elementor-element-1a4c604 elementor-widget elementor-widget-image\" data-id=\"1a4c604\" data-element_type=\"widget\" data-no-translation=\"\" data-widget_type=\"image.default\">\n\t\t\t\t<div class=\"elementor-widget-container\">\n\t\t\t\t\t\t\t\t\t\t\t\t\t\t\t\t<a href=\"https:\/\/sfs-tools.ca\/wp-content\/uploads\/2023\/06\/SkillPlan_Writing-FRENCH.pdf\" target=\"_blank\">\n\t\t\t\t\t\t\t<img loading=\"lazy\" decoding=\"async\" width=\"620\" height=\"802\" src=\"https:\/\/sfs-tools.ca\/wp-content\/uploads\/2023\/06\/Writing-FR.png\" class=\"attachment-large size-large wp-image-5244\" alt=\"\" srcset=\"https:\/\/sfs-tools.ca\/wp-content\/uploads\/2023\/06\/Writing-FR.png 620w, https:\/\/sfs-tools.ca\/wp-content\/uploads\/2023\/06\/Writing-FR-232x300.png 232w, https:\/\/sfs-tools.ca\/wp-content\/uploads\/2023\/06\/Writing-FR-9x12.png 9w\" sizes=\"(max-width: 620px) 100vw, 620px\" \/>\t\t\t\t\t\t\t\t<\/a>\n\t\t\t\t\t\t\t\t\t\t\t\t\t\t\t<\/div>\n\t\t\t\t<\/div>\n\t\t\t\t\t<\/div>\n\t\t<\/div>\n\t\t\t\t\t<\/div>\n\t\t<\/section>\n\t\t\t\t<div class=\"elementor-element elementor-element-bf14cb1 elementor-widget elementor-widget-text-editor\" data-id=\"bf14cb1\" data-element_type=\"widget\" data-widget_type=\"text-editor.default\">\n\t\t\t\t<div class=\"elementor-widget-container\">\n\t\t\t\t\t\t\t\t\t<p><b>Comment soumettre vos commentaires?<\/b><\/p><p>Afin de nous aider \u00e0 am\u00e9liorer les outils et les ressources disponibles sur notre site Web, nous vous invitons \u00e0 nous faire part de vos commentaires et suggestions. Veuillez envoyer un courriel \u00e0 <a href=\"mailto:esprof@skillplan.ca\">esprof@skillplan.ca<\/a>.<\/p><p><a href=\"https:\/\/sfs-tools.ca\/fr\/#intro-section\">Cliquez ici<\/a> pour en apprendre davantage sur les outils \u00e0 votre disposition. C\u2019est votre point de d\u00e9part pour commencer \u00e0 vous occuper de votre formation professionnelle.<\/p>\t\t\t\t\t\t\t\t<\/div>\n\t\t\t\t<\/div>\n\t\t\t\t\t<\/div>\n\t\t<\/div>\n\t\t\t\t\t<\/div>\n\t\t<\/section>\n\t\t\t\t<\/div>","protected":false},"excerpt":{"rendered":"<p>The Skills for Success Practitioner Competency Framework is part of the Establishing a Framework for the Professional Development of Essential Skills Practitioners Project. It is funded in part by the Government of Canada\u2019s Adult Learning, Literacy and Essential Skills Program. What tools are available? The centerpiece of this project is the Competency Framework, which defines[&hellip;]<\/p>","protected":false},"author":1,"featured_media":0,"parent":0,"menu_order":0,"comment_status":"closed","ping_status":"closed","template":"page-templates\/pagebuilder.php","meta":{"footnotes":""},"class_list":["post-4031","page","type-page","status-publish","hentry"],"_links":{"self":[{"href":"https:\/\/sfs-tools.ca\/fr\/wp-json\/wp\/v2\/pages\/4031","targetHints":{"allow":["GET"]}}],"collection":[{"href":"https:\/\/sfs-tools.ca\/fr\/wp-json\/wp\/v2\/pages"}],"about":[{"href":"https:\/\/sfs-tools.ca\/fr\/wp-json\/wp\/v2\/types\/page"}],"author":[{"embeddable":true,"href":"https:\/\/sfs-tools.ca\/fr\/wp-json\/wp\/v2\/users\/1"}],"replies":[{"embeddable":true,"href":"https:\/\/sfs-tools.ca\/fr\/wp-json\/wp\/v2\/comments?post=4031"}],"version-history":[{"count":62,"href":"https:\/\/sfs-tools.ca\/fr\/wp-json\/wp\/v2\/pages\/4031\/revisions"}],"predecessor-version":[{"id":5257,"href":"https:\/\/sfs-tools.ca\/fr\/wp-json\/wp\/v2\/pages\/4031\/revisions\/5257"}],"wp:attachment":[{"href":"https:\/\/sfs-tools.ca\/fr\/wp-json\/wp\/v2\/media?parent=4031"}],"curies":[{"name":"wp","href":"https:\/\/api.w.org\/{rel}","templated":true}]}}