{"id":2384,"date":"2022-06-16T10:08:22","date_gmt":"2022-06-16T17:08:22","guid":{"rendered":"https:\/\/sfs-tools.ca\/?page_id=2384"},"modified":"2023-01-18T11:13:45","modified_gmt":"2023-01-18T19:13:45","slug":"growth-plan","status":"publish","type":"page","link":"https:\/\/sfs-tools.ca\/fr\/growth-plan\/","title":{"rendered":"Plan de d\u00e9veloppement professionnel"},"content":{"rendered":"<div data-elementor-type=\"wp-page\" data-elementor-id=\"2384\" class=\"elementor elementor-2384\">\n\t\t\t\t\t\t<section class=\"elementor-section elementor-top-section elementor-element elementor-element-f1a0050 elementor-section-boxed elementor-section-height-default elementor-section-height-default\" data-id=\"f1a0050\" data-element_type=\"section\">\n\t\t\t\t\t\t<div class=\"elementor-container elementor-column-gap-default\">\n\t\t\t\t\t<div class=\"elementor-column elementor-col-100 elementor-top-column elementor-element elementor-element-d140e56\" data-id=\"d140e56\" data-element_type=\"column\">\n\t\t\t<div class=\"elementor-widget-wrap elementor-element-populated\">\n\t\t\t\t\t\t<div class=\"elementor-element elementor-element-e012558 elementor-widget elementor-widget-text-editor\" data-id=\"e012558\" data-element_type=\"widget\" data-widget_type=\"text-editor.default\">\n\t\t\t\t<div class=\"elementor-widget-container\">\n\t\t\t\t\t\t\t\t\t<p><b>Quelle \u00e9tape devriez-vous entreprendre maintenant?<\/b><\/p>\n<p>Si vous avez r\u00e9pondu aux <a href=\"https:\/\/sfs-tools.ca\/fr\/self-assessment-tools\/\" target=\"_blank\" rel=\"noopener\"><u>questionnaires d\u2019auto\u00e9valuation<\/u><\/a>&nbsp;et explor\u00e9 l\u2019univers du&nbsp;<a href=\"https:\/\/sfs-tools.ca\/fr\/competency-framework\/\" target=\"_blank\" rel=\"noopener\"><u>Cadre de comp\u00e9tences<\/u><\/a>, vous vous posez peut-\u00eatre la question\u00a0: \u00ab\u2009Quelle \u00e9tape dois-je entreprendre maintenant?\u2009\u00bb<\/p>\n<p><span style=\"font-style: inherit; font-weight: inherit; letter-spacing: 0.42px;\">Le plan de d\u00e9veloppement du praticien du programme Comp\u00e9tences pour r\u00e9ussir est un outil qui vise \u00e0 vous aider \u00e0 d\u00e9terminer les \u00e9tapes qui guideront votre d\u00e9veloppement professionnel et la poursuite de votre carri\u00e8re. Utilisez cet outil pour r\u00e9fl\u00e9chir \u00e0 votre travail en tant que praticien, organiser les r\u00e9sultats qu\u2019ont donn\u00e9s les questionnaires d\u2019auto\u00e9valuation, \u00e9tablir vos objectifs de d\u00e9veloppement professionnel et suivre les progr\u00e8s que vous r\u00e9alisez.<\/span><\/p>\n<p><span style=\"font-style: inherit; font-weight: inherit; letter-spacing: 0.42px;\">Vous pouvez vous servir du plan de d\u00e9veloppement de mani\u00e8re ind\u00e9pendante ou en collaboration avec votre \u00e9quipe et votre sup\u00e9rieur.<\/span><\/p>\n<p><span style=\"font-style: inherit; font-weight: inherit; letter-spacing: 0.42px;\">Visualisez ou t\u00e9l\u00e9chargez le plan de d\u00e9veloppement en cliquant sur le lien ci-apr\u00e8s.<\/span><\/p>\t\t\t\t\t\t\t\t<\/div>\n\t\t\t\t<\/div>\n\t\t\t\t\t<\/div>\n\t\t<\/div>\n\t\t\t\t\t<\/div>\n\t\t<\/section>\n\t\t\t\t<section class=\"elementor-section elementor-top-section elementor-element elementor-element-18395d6 elementor-section-boxed elementor-section-height-default elementor-section-height-default\" data-id=\"18395d6\" data-element_type=\"section\">\n\t\t\t\t\t\t<div class=\"elementor-container elementor-column-gap-default\">\n\t\t\t\t\t<div class=\"elementor-column elementor-col-100 elementor-top-column elementor-element elementor-element-f961cb2\" data-id=\"f961cb2\" data-element_type=\"column\">\n\t\t\t<div class=\"elementor-widget-wrap elementor-element-populated\">\n\t\t\t\t\t\t<div class=\"elementor-element elementor-element-79a85b3 elementor-align-center elementor-widget elementor-widget-button\" data-id=\"79a85b3\" data-element_type=\"widget\" data-no-translation=\"\" data-widget_type=\"button.default\">\n\t\t\t\t<div class=\"elementor-widget-container\">\n\t\t\t\t\t<style>.elementor-element-79a85b3{display:none !important}<\/style>\t\t\t\t<\/div>\n\t\t\t\t<\/div>\n\t\t\t\t<div class=\"elementor-element elementor-element-1d4eb05 elementor-align-center elementor-widget elementor-widget-button\" data-id=\"1d4eb05\" data-element_type=\"widget\" data-no-translation=\"\" data-widget_type=\"button.default\">\n\t\t\t\t<div class=\"elementor-widget-container\">\n\t\t\t\t\t\t\t\t\t<div class=\"elementor-button-wrapper\">\n\t\t\t\t\t<a class=\"elementor-button elementor-button-link elementor-size-sm elementor-animation-grow\" href=\"https:\/\/sfs-tools.ca\/wp-content\/uploads\/2023\/01\/PLAN-DE-CROISSANCE-Fillable.pdf\" target=\"_blank\">\n\t\t\t\t\t\t<span class=\"elementor-button-content-wrapper\">\n\t\t\t\t\t\t<span class=\"elementor-button-icon\">\n\t\t\t\t<i aria-hidden=\"true\" class=\"far fa-file-pdf\"><\/i>\t\t\t<\/span>\n\t\t\t\t\t\t\t\t\t<span class=\"elementor-button-text\">T\u00e9l\u00e9chargez le document en format PDF \u00e0 remplir<\/span>\n\t\t\t\t\t<\/span>\n\t\t\t\t\t<\/a>\n\t\t\t\t<\/div>\n\t\t\t\t\t\t\t\t<\/div>\n\t\t\t\t<\/div>\n\t\t\t\t\t<\/div>\n\t\t<\/div>\n\t\t\t\t\t<\/div>\n\t\t<\/section>\n\t\t\t\t<section class=\"elementor-section elementor-top-section elementor-element elementor-element-6c20c8b elementor-section-boxed elementor-section-height-default elementor-section-height-default\" data-id=\"6c20c8b\" data-element_type=\"section\">\n\t\t\t\t\t\t<div class=\"elementor-container elementor-column-gap-default\">\n\t\t\t\t\t<div class=\"elementor-column elementor-col-100 elementor-top-column elementor-element elementor-element-0eaf5a8\" data-id=\"0eaf5a8\" data-element_type=\"column\">\n\t\t\t<div class=\"elementor-widget-wrap elementor-element-populated\">\n\t\t\t\t\t\t<div class=\"elementor-element elementor-element-d1c8956 pdf-container elementor-widget elementor-widget-pdfjs_viewer\" data-id=\"d1c8956\" data-element_type=\"widget\" data-no-translation=\"\" data-widget_type=\"pdfjs_viewer.default\">\n\t\t\t\t<div class=\"elementor-widget-container\">\n\t\t\t\t\t<style>.elementor-element-d1c8956{display:none !important}<\/style>\t\t\t\t<\/div>\n\t\t\t\t<\/div>\n\t\t\t\t<div class=\"elementor-element elementor-element-58c5d4c pdf-container elementor-widget elementor-widget-pdfjs_viewer\" data-id=\"58c5d4c\" data-element_type=\"widget\" data-no-translation=\"\" data-widget_type=\"pdfjs_viewer.default\">\n\t\t\t\t<div class=\"elementor-widget-container\">\n\t\t\t\t\t<iframe src=\"https:\/\/sfs-tools.ca\/wp-content\/plugins\/pdf-viewer-for-elementor\/assets\/pdfjs\/web\/viewer.html?file=https:\/\/sfs-tools.ca\/wp-content\/uploads\/2023\/01\/PLAN-DE-CROISSANCE-Fillable.pdf&amp;embedded=true\" style=\"display: block; margin-left: auto; margin-right: auto; width: %; height: 100%;\" frameborder=\"1\" marginheight=\"0px\" marginwidth=\"0px\" allowfullscreen><\/iframe>\t\t\t\t<\/div>\n\t\t\t\t<\/div>\n\t\t\t\t\t<\/div>\n\t\t<\/div>\n\t\t\t\t\t<\/div>\n\t\t<\/section>\n\t\t\t\t<\/div>","protected":false},"excerpt":{"rendered":"<p>What are your next steps? If you&#8217;ve taken the self-assessments&nbsp;and explored the&nbsp;Competency Framework, you might be thinking, &#8220;What&#8217;s next?&#8221; The Skills for Success Practitioner Growth Plan is a tool to help you determine next steps in your professional development and career. Use it to reflect on your work as a practitioner, prioritize your self-assessment results,[&hellip;]<\/p>","protected":false},"author":1,"featured_media":0,"parent":0,"menu_order":0,"comment_status":"closed","ping_status":"closed","template":"page-templates\/pagebuilder.php","meta":{"footnotes":""},"class_list":["post-2384","page","type-page","status-publish","hentry"],"_links":{"self":[{"href":"https:\/\/sfs-tools.ca\/fr\/wp-json\/wp\/v2\/pages\/2384","targetHints":{"allow":["GET"]}}],"collection":[{"href":"https:\/\/sfs-tools.ca\/fr\/wp-json\/wp\/v2\/pages"}],"about":[{"href":"https:\/\/sfs-tools.ca\/fr\/wp-json\/wp\/v2\/types\/page"}],"author":[{"embeddable":true,"href":"https:\/\/sfs-tools.ca\/fr\/wp-json\/wp\/v2\/users\/1"}],"replies":[{"embeddable":true,"href":"https:\/\/sfs-tools.ca\/fr\/wp-json\/wp\/v2\/comments?post=2384"}],"version-history":[{"count":98,"href":"https:\/\/sfs-tools.ca\/fr\/wp-json\/wp\/v2\/pages\/2384\/revisions"}],"predecessor-version":[{"id":5018,"href":"https:\/\/sfs-tools.ca\/fr\/wp-json\/wp\/v2\/pages\/2384\/revisions\/5018"}],"wp:attachment":[{"href":"https:\/\/sfs-tools.ca\/fr\/wp-json\/wp\/v2\/media?parent=2384"}],"curies":[{"name":"wp","href":"https:\/\/api.w.org\/{rel}","templated":true}]}}